{"id":1566,"date":"2025-03-14T18:28:10","date_gmt":"2025-03-14T18:28:10","guid":{"rendered":"https:\/\/eldsmark.se\/varukorg\/"},"modified":"2025-03-15T19:11:05","modified_gmt":"2025-03-15T19:11:05","slug":"varukorg","status":"publish","type":"page","link":"https:\/\/eldsmark.se\/en\/varukorg\/","title":{"rendered":"Shopping cart"},"content":{"rendered":"<div data-block-name=\"woocommerce\/cart\" class=\"wp-block-woocommerce-cart alignwide is-loading\">\n<div data-block-name=\"woocommerce\/filled-cart-block\" class=\"wp-block-woocommerce-filled-cart-block\">\n<div data-block-name=\"woocommerce\/cart-items-block\" class=\"wp-block-woocommerce-cart-items-block\">\n<div data-block-name=\"woocommerce\/cart-line-items-block\" class=\"wp-block-woocommerce-cart-line-items-block\"><\/div>\n\n\n\n<div data-block-name=\"woocommerce\/cart-cross-sells-block\" class=\"wp-block-woocommerce-cart-cross-sells-block\">\n<h2 class=\"wp-block-heading has-large-font-size\">You might be interested in\u2026<\/h2>\n\n\n\n<div data-block-name=\"woocommerce\/cart-cross-sells-products-block\" class=\"wp-block-woocommerce-cart-cross-sells-products-block\"><\/div>\n<\/div>\n<\/div>\n\n\n\n<div data-block-name=\"woocommerce\/cart-totals-block\" class=\"wp-block-woocommerce-cart-totals-block\">\n<div data-block-name=\"woocommerce\/cart-order-summary-block\" class=\"wp-block-woocommerce-cart-order-summary-block\">\n<div data-block-name=\"woocommerce\/cart-order-summary-heading-block\" class=\"wp-block-woocommerce-cart-order-summary-heading-block\"><\/div><div data-block-name=\"woocommerce\/cart-order-summary-coupon-form-block\" class=\"wp-block-woocommerce-cart-order-summary-coupon-form-block\"><\/div><div data-block-name=\"woocommerce\/cart-order-summary-totals-block\" class=\"wp-block-woocommerce-cart-order-summary-totals-block\">\n<div data-block-name=\"woocommerce\/cart-order-summary-subtotal-block\" class=\"wp-block-woocommerce-cart-order-summary-subtotal-block\"><\/div>\n<div data-block-name=\"woocommerce\/cart-order-summary-discount-block\" class=\"wp-block-woocommerce-cart-order-summary-discount-block\"><\/div>\n<div data-block-name=\"woocommerce\/cart-order-summary-fee-block\" class=\"wp-block-woocommerce-cart-order-summary-fee-block\"><\/div>\n<div data-block-name=\"woocommerce\/cart-order-summary-shipping-block\" class=\"wp-block-woocommerce-cart-order-summary-shipping-block\"><\/div>\n<div data-block-name=\"woocommerce\/cart-order-summary-taxes-block\" class=\"wp-block-woocommerce-cart-order-summary-taxes-block\"><\/div><\/div>\n<\/div>\n\n\n\n<div data-block-name=\"woocommerce\/cart-express-payment-block\" class=\"wp-block-woocommerce-cart-express-payment-block\"><\/div>\n\n\n\n<div data-block-name=\"woocommerce\/proceed-to-checkout-block\" class=\"wp-block-woocommerce-proceed-to-checkout-block\"><\/div>\n\n\n\n<div data-block-name=\"woocommerce\/cart-accepted-payment-methods-block\" class=\"wp-block-woocommerce-cart-accepted-payment-methods-block\"><\/div>\n<\/div>\n<\/div>\n\n\n\n<div data-block-name=\"woocommerce\/empty-cart-block\" class=\"wp-block-woocommerce-empty-cart-block\">\n<h2 class=\"wp-block-heading has-text-align-center with-empty-cart-icon wc-block-cart__empty-cart__title\">Your shopping cart is currently empty!<\/h2>\n\n\n\n<hr class=\"wp-block-separator has-alpha-channel-opacity is-style-dots\"\/>\n\n\n\n<h2 class=\"wp-block-heading has-text-align-center\">New in store<\/h2>\n\n\n<div data-block-name=\"woocommerce\/product-new\" data-columns=\"4\" data-rows=\"1\" class=\"wc-block-grid wp-block-product-new wp-block-woocommerce-product-new wc-block-product-new has-4-columns\"><ul class=\"wc-block-grid__products\"><li class=\"wc-block-grid__product\">\n\t\t\t\t<a href=\"https:\/\/eldsmark.se\/en\/product\/dala-lantvetemjol-fullkorn-grahamsmjol\/\" class=\"wc-block-grid__product-link\">\n\t\t\t\t\t\n\t\t\t\t\t<div class=\"wc-block-grid__product-image\"><img loading=\"lazy\" decoding=\"async\" width=\"300\" height=\"300\" src=\"https:\/\/eldsmark.se\/wp-content\/uploads\/2023\/01\/4ab-e1742589327722.png\" class=\"attachment-woocommerce_thumbnail size-woocommerce_thumbnail\" alt=\"Dala Lantvetemj\u00f6l Fullkorn (Grahamsmj\u00f6l)\" \/><\/div>\n\t\t\t\t\t<div class=\"wc-block-grid__product-title\">Dala Lantveteflour Wholegrain (Grahamflour)<\/div>\n\t\t\t\t<\/a>\n\t\t\t\t<div class=\"wc-block-grid__product-price price\"><span class=\"woocommerce-Price-amount amount\">59,00&nbsp;<span class=\"woocommerce-Price-currencySymbol\">kr<\/span><\/span> <small class=\"woocommerce-price-suffix\">incl. VAT<\/small><\/div>\n\t\t\t\t\n\t\t\t\t<div class=\"wp-block-button wc-block-grid__product-add-to-cart\"><a href=\"\/en\/wp-json\/wp\/v2\/pages\/1566?add-to-cart=1771\" aria-label=\"Add to basket: \u201cDala Lantvetemj\u00f6l Fullkorn (Grahamsmj\u00f6l)\u201d\" data-quantity=\"1\" data-product_id=\"1771\" data-product_sku=\"\" data-price=\"59\" rel=\"nofollow\" class=\"wp-block-button__link  add_to_cart_button ajax_add_to_cart\" data-no-translation=\"\" data-trp-gettext=\"\" data-no-translation-aria-label=\"\">Add to basket<\/a><\/div>\n\t\t\t<\/li><li class=\"wc-block-grid__product\">\n\t\t\t\t<a href=\"https:\/\/eldsmark.se\/en\/product\/mannagryn-av-dala-lantvete\/\" class=\"wc-block-grid__product-link\">\n\t\t\t\t\t\n\t\t\t\t\t<div class=\"wc-block-grid__product-image\"><img loading=\"lazy\" decoding=\"async\" width=\"300\" height=\"300\" src=\"https:\/\/eldsmark.se\/wp-content\/uploads\/woocommerce-placeholder.png\" class=\"woocommerce-placeholder wp-post-image\" alt=\"\" \/><\/div>\n\t\t\t\t\t<div class=\"wc-block-grid__product-title\">Semolina from Dala Lantvete<\/div>\n\t\t\t\t<\/a>\n\t\t\t\t<div class=\"wc-block-grid__product-price price\"><span class=\"woocommerce-Price-amount amount\">49,00&nbsp;<span class=\"woocommerce-Price-currencySymbol\">kr<\/span><\/span> <small class=\"woocommerce-price-suffix\">incl. VAT<\/small><\/div>\n\t\t\t\t\n\t\t\t\t<div class=\"wp-block-button wc-block-grid__product-add-to-cart\"><a href=\"\/en\/wp-json\/wp\/v2\/pages\/1566?add-to-cart=1770\" aria-label=\"Add to basket: \u201cMannagryn av Dala Lantvete\u201d\" data-quantity=\"1\" data-product_id=\"1770\" data-product_sku=\"\" data-price=\"49\" rel=\"nofollow\" class=\"wp-block-button__link  add_to_cart_button ajax_add_to_cart\" data-no-translation=\"\" data-trp-gettext=\"\" data-no-translation-aria-label=\"\">Add to basket<\/a><\/div>\n\t\t\t<\/li><li class=\"wc-block-grid__product\">\n\t\t\t\t<a href=\"https:\/\/eldsmark.se\/en\/product\/raglosta-froknacke-ett-unikt-nordiskt-hantverk\/\" class=\"wc-block-grid__product-link\">\n\t\t\t\t\t\n\t\t\t\t\t<div class=\"wc-block-grid__product-image\"><img loading=\"lazy\" decoding=\"async\" width=\"300\" height=\"300\" src=\"https:\/\/eldsmark.se\/wp-content\/uploads\/2025\/03\/e81d321c-5c81-4c26-a156-3bd52f57bb5c.jpg\" class=\"attachment-woocommerce_thumbnail size-woocommerce_thumbnail\" alt=\"R\u00e5glosta-fr\u00f6kn\u00e4cke \u2013 Ett unikt nordiskt hantverk\" \/><\/div>\n\t\t\t\t\t<div class=\"wc-block-grid__product-title\">Rye groats - a unique Nordic craft<\/div>\n\t\t\t\t<\/a>\n\t\t\t\t<div class=\"wc-block-grid__product-price price\"><span class=\"woocommerce-Price-amount amount\">249,00&nbsp;<span class=\"woocommerce-Price-currencySymbol\">kr<\/span><\/span> <small class=\"woocommerce-price-suffix\">incl. VAT<\/small><\/div>\n\t\t\t\t\n\t\t\t\t<div class=\"wp-block-button wc-block-grid__product-add-to-cart\"><a href=\"\/en\/wp-json\/wp\/v2\/pages\/1566?add-to-cart=1708\" aria-label=\"Add to basket: \u201cR\u00e5glosta-fr\u00f6kn\u00e4cke \u2013 Ett unikt nordiskt hantverk\u201d\" data-quantity=\"1\" data-product_id=\"1708\" data-product_sku=\"\" data-price=\"249\" rel=\"nofollow\" class=\"wp-block-button__link  add_to_cart_button ajax_add_to_cart\" data-no-translation=\"\" data-trp-gettext=\"\" data-no-translation-aria-label=\"\">Add to basket<\/a><\/div>\n\t\t\t<\/li><li class=\"wc-block-grid__product\">\n\t\t\t\t<a href=\"https:\/\/eldsmark.se\/en\/product\/varldens-enda-raglosta-kex-smaken-av-en-forlorad-nordisk-skatt\/\" class=\"wc-block-grid__product-link\">\n\t\t\t\t\t\n\t\t\t\t\t<div class=\"wc-block-grid__product-image\"><img loading=\"lazy\" decoding=\"async\" width=\"300\" height=\"300\" src=\"https:\/\/eldsmark.se\/wp-content\/uploads\/2025\/03\/20250329_205832-scaled.jpg\" class=\"attachment-woocommerce_thumbnail size-woocommerce_thumbnail\" alt=\"V\u00e4rldens enda r\u00e5glosta-kex \u2013 Smaken av en f\u00f6rlorad nordisk skatt\" \/><\/div>\n\t\t\t\t\t<div class=\"wc-block-grid__product-title\">The world&#039;s only rye glosta biscuit \u2013 The taste of a lost Nordic treasure<\/div>\n\t\t\t\t<\/a>\n\t\t\t\t<div class=\"wc-block-grid__product-price price\"><span class=\"woocommerce-Price-amount amount\">249,00&nbsp;<span class=\"woocommerce-Price-currencySymbol\">kr<\/span><\/span> <small class=\"woocommerce-price-suffix\">incl. VAT<\/small><\/div>\n\t\t\t\t\n\t\t\t\t<div class=\"wp-block-button wc-block-grid__product-add-to-cart\"><a href=\"\/en\/wp-json\/wp\/v2\/pages\/1566?add-to-cart=1633\" aria-label=\"Add to basket: \u201cV\u00e4rldens enda r\u00e5glosta-kex \u2013 Smaken av en f\u00f6rlorad nordisk skatt\u201d\" data-quantity=\"1\" data-product_id=\"1633\" data-product_sku=\"\" data-price=\"249\" rel=\"nofollow\" class=\"wp-block-button__link  add_to_cart_button ajax_add_to_cart\" data-no-translation=\"\" data-trp-gettext=\"\" data-no-translation-aria-label=\"\">Add to basket<\/a><\/div>\n\t\t\t<\/li><\/ul><\/div><\/div>\n<\/div>","protected":false},"excerpt":{"rendered":"","protected":false},"author":1,"featured_media":0,"parent":0,"menu_order":0,"comment_status":"closed","ping_status":"closed","template":"","meta":{"footnotes":""},"class_list":["post-1566","page","type-page","status-publish","hentry"],"yoast_head":"<!-- This site is optimized with the Yoast SEO plugin v27.5 - https:\/\/yoast.com\/product\/yoast-seo-wordpress\/ -->\n<title>Varukorg - Eldsmark kulturspannm\u00e5l i norr<\/title>\n<meta name=\"robots\" content=\"index, follow, max-snippet:-1, max-image-preview:large, max-video-preview:-1\" \/>\n<link rel=\"canonical\" href=\"https:\/\/eldsmark.se\/en\/varukorg\/\" \/>\n<meta property=\"og:locale\" content=\"en_GB\" \/>\n<meta property=\"og:type\" content=\"article\" \/>\n<meta property=\"og:title\" content=\"Varukorg - Eldsmark kulturspannm\u00e5l i norr\" \/>\n<meta property=\"og:url\" content=\"https:\/\/eldsmark.se\/en\/varukorg\/\" \/>\n<meta property=\"og:site_name\" content=\"Eldsmark kulturspannm\u00e5l i norr\" \/>\n<meta property=\"article:publisher\" content=\"https:\/\/www.facebook.com\/Eldsmark\" \/>\n<meta property=\"article:modified_time\" content=\"2025-03-15T19:11:05+00:00\" \/>\n<meta name=\"twitter:card\" content=\"summary_large_image\" \/>\n<script type=\"application\/ld+json\" class=\"yoast-schema-graph\">{\"@context\":\"https:\\\/\\\/schema.org\",\"@graph\":[{\"@type\":\"WebPage\",\"@id\":\"https:\\\/\\\/eldsmark.se\\\/varukorg\\\/\",\"url\":\"https:\\\/\\\/eldsmark.se\\\/varukorg\\\/\",\"name\":\"Varukorg - Eldsmark kulturspannm\u00e5l i norr\",\"isPartOf\":{\"@id\":\"https:\\\/\\\/eldsmark.se\\\/#website\"},\"datePublished\":\"2025-03-14T18:28:10+00:00\",\"dateModified\":\"2025-03-15T19:11:05+00:00\",\"breadcrumb\":{\"@id\":\"https:\\\/\\\/eldsmark.se\\\/varukorg\\\/#breadcrumb\"},\"inLanguage\":\"en-GB\",\"potentialAction\":[{\"@type\":\"ReadAction\",\"target\":[\"https:\\\/\\\/eldsmark.se\\\/varukorg\\\/\"]}]},{\"@type\":\"BreadcrumbList\",\"@id\":\"https:\\\/\\\/eldsmark.se\\\/varukorg\\\/#breadcrumb\",\"itemListElement\":[{\"@type\":\"ListItem\",\"position\":1,\"name\":\"Hem\",\"item\":\"https:\\\/\\\/eldsmark.se\\\/\"},{\"@type\":\"ListItem\",\"position\":2,\"name\":\"Varukorg\"}]},{\"@type\":\"WebSite\",\"@id\":\"https:\\\/\\\/eldsmark.se\\\/#website\",\"url\":\"https:\\\/\\\/eldsmark.se\\\/\",\"name\":\"Eldsmark kulturspannm\u00e5l i norr\",\"description\":\"Eldsmark kulturspannm\u00e5l i norr\",\"potentialAction\":[{\"@type\":\"SearchAction\",\"target\":{\"@type\":\"EntryPoint\",\"urlTemplate\":\"https:\\\/\\\/eldsmark.se\\\/?s={search_term_string}\"},\"query-input\":{\"@type\":\"PropertyValueSpecification\",\"valueRequired\":true,\"valueName\":\"search_term_string\"}}],\"inLanguage\":\"en-GB\"}]}<\/script>\n<!-- \/ Yoast SEO plugin. -->","yoast_head_json":{"title":"Shopping cart - Eldsmark cultivated grains in the north","robots":{"index":"index","follow":"follow","max-snippet":"max-snippet:-1","max-image-preview":"max-image-preview:large","max-video-preview":"max-video-preview:-1"},"canonical":"https:\/\/eldsmark.se\/en\/varukorg\/","og_locale":"en_GB","og_type":"article","og_title":"Varukorg - Eldsmark kulturspannm\u00e5l i norr","og_url":"https:\/\/eldsmark.se\/en\/varukorg\/","og_site_name":"Eldsmark kulturspannm\u00e5l i norr","article_publisher":"https:\/\/www.facebook.com\/Eldsmark","article_modified_time":"2025-03-15T19:11:05+00:00","twitter_card":"summary_large_image","schema":{"@context":"https:\/\/schema.org","@graph":[{"@type":"WebPage","@id":"https:\/\/eldsmark.se\/varukorg\/","url":"https:\/\/eldsmark.se\/varukorg\/","name":"Shopping cart - Eldsmark cultivated grains in the north","isPartOf":{"@id":"https:\/\/eldsmark.se\/#website"},"datePublished":"2025-03-14T18:28:10+00:00","dateModified":"2025-03-15T19:11:05+00:00","breadcrumb":{"@id":"https:\/\/eldsmark.se\/varukorg\/#breadcrumb"},"inLanguage":"en-GB","potentialAction":[{"@type":"ReadAction","target":["https:\/\/eldsmark.se\/varukorg\/"]}]},{"@type":"BreadcrumbList","@id":"https:\/\/eldsmark.se\/varukorg\/#breadcrumb","itemListElement":[{"@type":"ListItem","position":1,"name":"Hem","item":"https:\/\/eldsmark.se\/"},{"@type":"ListItem","position":2,"name":"Varukorg"}]},{"@type":"WebSite","@id":"https:\/\/eldsmark.se\/#website","url":"https:\/\/eldsmark.se\/","name":"Eldsmark cultivated cereals in the north","description":"Eldsmark cultivated cereals in the north","potentialAction":[{"@type":"SearchAction","target":{"@type":"EntryPoint","urlTemplate":"https:\/\/eldsmark.se\/?s={search_term_string}"},"query-input":{"@type":"PropertyValueSpecification","valueRequired":true,"valueName":"search_term_string"}}],"inLanguage":"en-GB"}]}},"jetpack_sharing_enabled":true,"_links":{"self":[{"href":"https:\/\/eldsmark.se\/en\/wp-json\/wp\/v2\/pages\/1566","targetHints":{"allow":["GET"]}}],"collection":[{"href":"https:\/\/eldsmark.se\/en\/wp-json\/wp\/v2\/pages"}],"about":[{"href":"https:\/\/eldsmark.se\/en\/wp-json\/wp\/v2\/types\/page"}],"author":[{"embeddable":true,"href":"https:\/\/eldsmark.se\/en\/wp-json\/wp\/v2\/users\/1"}],"replies":[{"embeddable":true,"href":"https:\/\/eldsmark.se\/en\/wp-json\/wp\/v2\/comments?post=1566"}],"version-history":[{"count":1,"href":"https:\/\/eldsmark.se\/en\/wp-json\/wp\/v2\/pages\/1566\/revisions"}],"predecessor-version":[{"id":1586,"href":"https:\/\/eldsmark.se\/en\/wp-json\/wp\/v2\/pages\/1566\/revisions\/1586"}],"wp:attachment":[{"href":"https:\/\/eldsmark.se\/en\/wp-json\/wp\/v2\/media?parent=1566"}],"curies":[{"name":"wp","href":"https:\/\/api.w.org\/{rel}","templated":true}]}}